{"id":93,"date":"2021-10-18T09:21:27","date_gmt":"2021-10-18T12:21:27","guid":{"rendered":"https:\/\/baguascience.org\/es\/?page_id=93"},"modified":"2021-10-18T22:52:27","modified_gmt":"2021-10-19T01:52:27","slug":"yi-tao-bagua","status":"publish","type":"page","link":"https:\/\/baguascience.org\/es\/yi-tao-bagua\/","title":{"rendered":"Yi Tao Bagua"},"content":{"rendered":"<p>[et_pb_section fb_built=&#8221;1&#8243; admin_label=&#8221;Hero Section&#8221; _builder_version=&#8221;4.9.4&#8243; use_background_color_gradient=&#8221;on&#8221; background_color_gradient_start=&#8221;#1d2326&#8243; background_color_gradient_end=&#8221;#958976&#8243; background_color_gradient_direction=&#8221;105deg&#8221; background_image=&#8221;https:\/\/baguascience.org\/es\/wp-content\/uploads\/2021\/10\/iStock-96891178.jpg&#8221; custom_padding=&#8221;60px|0px|60px|0px&#8221; global_colors_info=&#8221;{}&#8221;][et_pb_row _builder_version=&#8221;3.25&#8243; background_size=&#8221;initial&#8221; background_position=&#8221;top_left&#8221; background_repeat=&#8221;repeat&#8221; global_colors_info=&#8221;{}&#8221;][et_pb_column type=&#8221;4_4&#8243; _builder_version=&#8221;3.25&#8243; custom_padding=&#8221;|||&#8221; global_colors_info=&#8221;{}&#8221; custom_padding__hover=&#8221;|||&#8221;][et_pb_text _builder_version=&#8221;4.11.3&#8243; text_font=&#8221;Noto Sans SC||||||||&#8221; text_text_color=&#8221;rgba(255,255,255,0.8)&#8221; text_line_height=&#8221;1.8em&#8221; header_font=&#8221;Noto Sans SC|600|||||||&#8221; header_text_color=&#8221;#ffffff&#8221; header_font_size=&#8221;48px&#8221; header_line_height=&#8221;1.4em&#8221; header_3_font=&#8221;Poppins|600|||||||&#8221; header_3_font_size=&#8221;36px&#8221; header_3_line_height=&#8221;1.4em&#8221; background_layout=&#8221;dark&#8221; max_width=&#8221;600px&#8221; module_alignment=&#8221;left&#8221; custom_margin=&#8221;|||&#8221; locked=&#8221;off&#8221; global_colors_info=&#8221;{}&#8221;]<\/p>\n<h1>Introducci\u00f3n al<\/h1>\n<h1>Yi Tao Bagua<\/h1>\n<p>El Yi Tao Bagua es una teor\u00eda perfecta que explica el origen y la naturaleza del universo y proporciona una ley l\u00f3gica universal: la ley l\u00f3gica del universo de la flecha &#8220;\u4e00 &#8221; (uno), y un modelo hol\u00edstico del universo que combina forma y n\u00famero.<\/p>\n<p>[\/et_pb_text][\/et_pb_column][\/et_pb_row][\/et_pb_section][et_pb_section fb_built=&#8221;1&#8243; admin_label=&#8221;Become a Member Section&#8221; _builder_version=&#8221;3.22&#8243; background_color=&#8221;#fafbfc&#8221; custom_padding=&#8221;110px|0px|110px|0px&#8221; collapsed=&#8221;off&#8221; global_colors_info=&#8221;{}&#8221;][et_pb_row _builder_version=&#8221;4.9.4&#8243; _module_preset=&#8221;default&#8221; global_colors_info=&#8221;{}&#8221;][et_pb_column type=&#8221;4_4&#8243; _builder_version=&#8221;4.9.4&#8243; _module_preset=&#8221;default&#8221; global_colors_info=&#8221;{}&#8221;][et_pb_text _builder_version=&#8221;4.11.3&#8243; text_font=&#8221;||||||||&#8221; text_font_size=&#8221;15px&#8221; text_line_height=&#8221;1.8em&#8221; header_font=&#8221;||||||||&#8221; header_2_font=&#8221;Poppins|500||on|||||&#8221; header_2_text_color=&#8221;rgba(0,0,0,0.2)&#8221; header_2_font_size=&#8221;16px&#8221; header_2_letter_spacing=&#8221;1px&#8221; header_2_line_height=&#8221;1.3em&#8221; header_3_font=&#8221;|600|||||||&#8221; header_3_font_size=&#8221;24px&#8221; header_3_line_height=&#8221;1.7em&#8221; background_color=&#8221;gcid-347040b2-a7f0-4253-8ad4-64fc19423800&#8243; custom_margin=&#8221;0px||20px||false|false&#8221; custom_padding=&#8221;5px||||false|false&#8221; saved_tabs=&#8221;all&#8221; locked=&#8221;off&#8221; global_colors_info=&#8221;{%22gcid-347040b2-a7f0-4253-8ad4-64fc19423800%22:%91%22background_color%22%93}&#8221;]<\/p>\n<h3 style=\"padding-left: 40px;\"><span style=\"color: #ffffff;\">Introducci\u00f3n al Yi Tao Bagua<\/span><\/h3>\n<p>[\/et_pb_text][\/et_pb_column][\/et_pb_row][et_pb_row column_structure=&#8221;1_3,2_3&#8243; _builder_version=&#8221;4.9.4&#8243; _module_preset=&#8221;default&#8221; global_colors_info=&#8221;{}&#8221;][et_pb_column type=&#8221;1_3&#8243; _builder_version=&#8221;4.9.4&#8243; _module_preset=&#8221;default&#8221; global_colors_info=&#8221;{}&#8221;][et_pb_image src=&#8221;https:\/\/baguascience.org\/es\/wp-content\/uploads\/2021\/10\/iStock-183769829.jpg&#8221; title_text=&#8221;Earth and Moon over the Galaxy in Space&#8221; _builder_version=&#8221;4.9.4&#8243; _module_preset=&#8221;default&#8221; box_shadow_style=&#8221;preset4&#8243; box_shadow_spread=&#8221;3px&#8221; box_shadow_color=&#8221;#dddcc5&#8243; global_colors_info=&#8221;{}&#8221;][\/et_pb_image][\/et_pb_column][et_pb_column type=&#8221;2_3&#8243; _builder_version=&#8221;4.9.4&#8243; _module_preset=&#8221;default&#8221; global_colors_info=&#8221;{}&#8221;][et_pb_text _builder_version=&#8221;4.11.3&#8243; _module_preset=&#8221;default&#8221; header_3_font=&#8221;|700|||||||&#8221; header_3_font_size=&#8221;28px&#8221; global_colors_info=&#8221;{}&#8221;]<\/p>\n<h3><strong><span style=\"color: #008000;\">01. <\/span><\/strong>\u00bfQu\u00e9 es el Yi Tao Bagua?<\/h3>\n<p>[\/et_pb_text][et_pb_text _builder_version=&#8221;4.11.3&#8243; _module_preset=&#8221;default&#8221; text_font_size=&#8221;16px&#8221; text_line_height=&#8221;1.8em&#8221; global_colors_info=&#8221;{}&#8221;]<\/p>\n<p>En la antig\u00fcedad, o al menos en la \u00e9poca de Fuxi, que se dice que tiene m\u00e1s de 5.000 a\u00f1os, los antiguos chinos construyeron una teor\u00eda perfecta sobre el origen del universo. Este sistema se llamaba &#8220;Yi&#8221; o &#8220;Estudios Yi&#8221;, su teor\u00eda central era el &#8220;Tao&#8221;, y se apoyaba en un sistema matem\u00e1tico llamado &#8220;Bagua&#8221;. Llamamos a este sistema los &#8220;Yi Tao Bagua&#8221; y lo reformulamos de forma aceptable para la ciencia moderna.<\/p>\n<p>[\/et_pb_text][et_pb_button button_url=&#8221;https:\/\/baguascience.org\/es\/que-es-el-yi-tao-bagua\/&#8221; button_text=&#8221;Leer m\u00e1s&#8221; button_alignment=&#8221;right&#8221; _builder_version=&#8221;4.11.3&#8243; _module_preset=&#8221;default&#8221; custom_button=&#8221;on&#8221; button_text_color=&#8221;#FFFFFF&#8221; button_bg_color=&#8221;#958976&#8243; button_border_radius=&#8221;36px&#8221; button_font=&#8221;Noto Sans||||||||&#8221; hover_enabled=&#8221;0&#8243; global_colors_info=&#8221;{}&#8221; sticky_enabled=&#8221;0&#8243;][\/et_pb_button][\/et_pb_column][\/et_pb_row][et_pb_row column_structure=&#8221;2_3,1_3&#8243; _builder_version=&#8221;4.9.4&#8243; _module_preset=&#8221;default&#8221; global_colors_info=&#8221;{}&#8221;][et_pb_column type=&#8221;2_3&#8243; _builder_version=&#8221;4.9.4&#8243; _module_preset=&#8221;default&#8221; global_colors_info=&#8221;{}&#8221;][et_pb_text _builder_version=&#8221;4.11.3&#8243; _module_preset=&#8221;default&#8221; header_3_font=&#8221;|700|||||||&#8221; header_3_font_size=&#8221;28px&#8221; global_colors_info=&#8221;{}&#8221;]<\/p>\n<h3><strong><span style=\"color: #008000;\">02. <\/span><\/strong>La historia del Yi Tao Bagua<\/h3>\n<p>[\/et_pb_text][et_pb_text _builder_version=&#8221;4.11.3&#8243; _module_preset=&#8221;default&#8221; text_font_size=&#8221;16px&#8221; text_line_height=&#8221;1.8em&#8221; global_colors_info=&#8221;{}&#8221;]<\/p>\n<p>El Tao es una tradici\u00f3n de erudici\u00f3n transmitida por el legendario clan Fuxi hace m\u00e1s de 5.000 a\u00f1os o incluso antes. Esta tradici\u00f3n tuvo su esplendor en las antiguas dinast\u00edas Xia, Shang y Zhou, representadas por el <em>I Ching<\/em> ( \u6613\u7ecf, <em>El libro de los cambios<\/em>), y luego decay\u00f3 hasta casi extinguirse. Laozi y Confucio fueron los grandes maestros de la teor\u00eda del Tao, y sus esfuerzos condujeron a la publicaci\u00f3n del <em>Tao Te Ching<\/em> y del <em>Yijing Xici<\/em> ( \u6613\u7ecf\u7cfb\u8f9e, <em>Comentarios sobre el libro de los cambios<\/em>). Entre las obras posteriores se encuentran el <em>Huangji Jingshi<\/em> ( \u7687\u6781\u7ecf\u4e16, <i>El libro sobre los supremos principios del orden del mundo<\/i>) de Shao Yong y el <em>Taijitu Shuo<\/em> ( \u592a\u6781\u56fe\u8bf4, <em>Explicaci\u00f3n sobre el Diagrama Tai Chi) <\/em>de Zhou Dunyi.<\/p>\n<p>[\/et_pb_text][et_pb_button button_url=&#8221;https:\/\/baguascience.org\/es\/la-historia-del-yi-tao-bagua\/&#8221; button_text=&#8221;Leer m\u00e1s&#8221; button_alignment=&#8221;left&#8221; _builder_version=&#8221;4.11.3&#8243; _module_preset=&#8221;default&#8221; custom_button=&#8221;on&#8221; button_text_color=&#8221;#FFFFFF&#8221; button_bg_color=&#8221;#958976&#8243; button_border_radius=&#8221;36px&#8221; button_font=&#8221;Noto Sans||||||||&#8221; hover_enabled=&#8221;0&#8243; global_colors_info=&#8221;{}&#8221; sticky_enabled=&#8221;0&#8243;][\/et_pb_button][\/et_pb_column][et_pb_column type=&#8221;1_3&#8243; _builder_version=&#8221;4.9.4&#8243; _module_preset=&#8221;default&#8221; global_colors_info=&#8221;{}&#8221;][et_pb_image src=&#8221;https:\/\/baguascience.org\/es\/wp-content\/uploads\/2021\/10\/iStock-185215907.jpg&#8221; title_text=&#8221;Big Planets and shining stars galaxy in space&#8221; _builder_version=&#8221;4.9.4&#8243; _module_preset=&#8221;default&#8221; box_shadow_style=&#8221;preset4&#8243; box_shadow_spread=&#8221;3px&#8221; box_shadow_color=&#8221;#dddcc5&#8243; global_colors_info=&#8221;{}&#8221;][\/et_pb_image][\/et_pb_column][\/et_pb_row][et_pb_row column_structure=&#8221;1_3,2_3&#8243; _builder_version=&#8221;4.9.4&#8243; _module_preset=&#8221;default&#8221; global_colors_info=&#8221;{}&#8221;][et_pb_column type=&#8221;1_3&#8243; _builder_version=&#8221;4.9.4&#8243; _module_preset=&#8221;default&#8221; global_colors_info=&#8221;{}&#8221;][et_pb_image src=&#8221;https:\/\/baguascience.org\/es\/wp-content\/uploads\/2021\/10\/iStock-600683316.jpg&#8221; title_text=&#8221;Planet Earth, The Sun, The Moon and Planets In Space&#8221; _builder_version=&#8221;4.9.4&#8243; _module_preset=&#8221;default&#8221; box_shadow_style=&#8221;preset4&#8243; box_shadow_spread=&#8221;3px&#8221; box_shadow_color=&#8221;#dddcc5&#8243; global_colors_info=&#8221;{}&#8221;][\/et_pb_image][\/et_pb_column][et_pb_column type=&#8221;2_3&#8243; _builder_version=&#8221;4.9.4&#8243; _module_preset=&#8221;default&#8221; global_colors_info=&#8221;{}&#8221;][et_pb_text _builder_version=&#8221;4.11.3&#8243; _module_preset=&#8221;default&#8221; header_3_font=&#8221;|700|||||||&#8221; header_3_font_size=&#8221;28px&#8221; global_colors_info=&#8221;{}&#8221;]<\/p>\n<h3><strong><span style=\"color: #008000;\">03. <\/span><\/strong>El Yi Tao Bagua y la ciencia<\/h3>\n<p>[\/et_pb_text][et_pb_text _builder_version=&#8221;4.11.3&#8243; _module_preset=&#8221;default&#8221; text_font_size=&#8221;16px&#8221; text_line_height=&#8221;1.8em&#8221; global_colors_info=&#8221;{}&#8221;]<\/p>\n<p>Cuando empezamos a estudiar el Yi Tao Bagua, es posible que primero tengamos que abordar una cuesti\u00f3n muy importante, a saber: &#8220;\u00bfEs Yi Tao Bagua una ciencia?&#8221; Cada uno de ellos pertenece a un sistema racional diferente, pero ambos son racionales y pueden llegar a unificarse por su propia racionalidad, o mejor dicho, el Yi Tao Bagua puede integrarse en el sistema cient\u00edfico, perfeccionando as\u00ed la ciencia, convirti\u00e9ndola en un sistema vasto y omnicomprensivo que puede explicar tanto las leyes de la naturaleza como la moral de la sociedad humana.<\/p>\n<p>[\/et_pb_text][et_pb_button button_url=&#8221;https:\/\/baguascience.org\/es\/el-yi-tao-bagua-y-la-ciencia\/&#8221; button_text=&#8221;Leer m\u00e1s&#8221; button_alignment=&#8221;right&#8221; _builder_version=&#8221;4.11.3&#8243; _module_preset=&#8221;default&#8221; custom_button=&#8221;on&#8221; button_text_color=&#8221;#FFFFFF&#8221; button_bg_color=&#8221;#958976&#8243; button_border_radius=&#8221;36px&#8221; button_font=&#8221;Noto Sans||||||||&#8221; hover_enabled=&#8221;0&#8243; global_colors_info=&#8221;{}&#8221; sticky_enabled=&#8221;0&#8243;][\/et_pb_button][et_pb_blog include_categories=&#8221;16&#8243; show_thumbnail=&#8221;off&#8221; show_more=&#8221;on&#8221; show_author=&#8221;off&#8221; show_date=&#8221;off&#8221; show_categories=&#8221;off&#8221; show_pagination=&#8221;off&#8221; _builder_version=&#8221;4.11.3&#8243; _module_preset=&#8221;default&#8221; header_font=&#8221;|600|||||||&#8221; header_font_size=&#8221;24px&#8221; header_line_height=&#8221;1.8em&#8221; body_font_size=&#8221;15px&#8221; body_line_height=&#8221;1.8em&#8221; read_more_line_height=&#8221;2em&#8221; text_orientation=&#8221;left&#8221; custom_padding=&#8221;30px|30px|10px|30px|false|false&#8221; global_colors_info=&#8221;{}&#8221;][\/et_pb_blog][\/et_pb_column][\/et_pb_row][\/et_pb_section]<\/p>\n","protected":false},"excerpt":{"rendered":"<p>Introducci\u00f3n al Yi Tao Bagua El Yi Tao Bagua es una teor\u00eda perfecta que explica el origen y la naturaleza del universo y proporciona una ley l\u00f3gica universal: la ley l\u00f3gica del universo de la flecha &#8220;\u4e00 &#8221; (uno), y un modelo hol\u00edstico del universo que combina forma y n\u00famero.Introducci\u00f3n al Yi Tao Bagua01. \u00bfQu\u00e9 [&hellip;]<\/p>\n","protected":false},"author":1,"featured_media":0,"parent":0,"menu_order":0,"comment_status":"closed","ping_status":"closed","template":"","meta":{"_et_pb_use_builder":"on","_et_pb_old_content":"","_et_gb_content_width":"","om_disable_all_campaigns":false,"footnotes":""},"class_list":["post-93","page","type-page","status-publish","hentry"],"yoast_head":"<!-- This site is optimized with the Yoast SEO plugin v27.2 - https:\/\/yoast.com\/product\/yoast-seo-wordpress\/ -->\n<title>Yi Tao Bagua - BaguaScience.org en espa\u00f1ol<\/title>\n<meta name=\"robots\" content=\"index, follow, max-snippet:-1, max-image-preview:large, max-video-preview:-1\" \/>\n<link rel=\"canonical\" href=\"https:\/\/baguascience.org\/es\/yi-tao-bagua\/\" \/>\n<meta property=\"og:locale\" content=\"es_MX\" \/>\n<meta property=\"og:type\" content=\"article\" \/>\n<meta property=\"og:title\" content=\"Yi Tao Bagua - BaguaScience.org en espa\u00f1ol\" \/>\n<meta property=\"og:description\" content=\"Introducci\u00f3n al Yi Tao Bagua El Yi Tao Bagua es una teor\u00eda perfecta que explica el origen y la naturaleza del universo y proporciona una ley l\u00f3gica universal: la ley l\u00f3gica del universo de la flecha &quot;\u4e00 &quot; (uno), y un modelo hol\u00edstico del universo que combina forma y n\u00famero.Introducci\u00f3n al Yi Tao Bagua01. \u00bfQu\u00e9 [&hellip;]\" \/>\n<meta property=\"og:url\" content=\"https:\/\/baguascience.org\/es\/yi-tao-bagua\/\" \/>\n<meta property=\"og:site_name\" content=\"BaguaScience.org en espa\u00f1ol\" \/>\n<meta property=\"article:modified_time\" content=\"2021-10-19T01:52:27+00:00\" \/>\n<meta name=\"twitter:card\" content=\"summary_large_image\" \/>\n<meta name=\"twitter:label1\" content=\"Est. reading time\" \/>\n\t<meta name=\"twitter:data1\" content=\"7 minutos\" \/>\n<script type=\"application\/ld+json\" class=\"yoast-schema-graph\">{\"@context\":\"https:\/\/schema.org\",\"@graph\":[{\"@type\":\"WebPage\",\"@id\":\"https:\/\/baguascience.org\/es\/yi-tao-bagua\/\",\"url\":\"https:\/\/baguascience.org\/es\/yi-tao-bagua\/\",\"name\":\"Yi Tao Bagua - BaguaScience.org en espa\u00f1ol\",\"isPartOf\":{\"@id\":\"https:\/\/baguascience.org\/es\/#website\"},\"datePublished\":\"2021-10-18T12:21:27+00:00\",\"dateModified\":\"2021-10-19T01:52:27+00:00\",\"breadcrumb\":{\"@id\":\"https:\/\/baguascience.org\/es\/yi-tao-bagua\/#breadcrumb\"},\"inLanguage\":\"es\",\"potentialAction\":[{\"@type\":\"ReadAction\",\"target\":[\"https:\/\/baguascience.org\/es\/yi-tao-bagua\/\"]}]},{\"@type\":\"BreadcrumbList\",\"@id\":\"https:\/\/baguascience.org\/es\/yi-tao-bagua\/#breadcrumb\",\"itemListElement\":[{\"@type\":\"ListItem\",\"position\":1,\"name\":\"Home\",\"item\":\"https:\/\/baguascience.org\/es\/\"},{\"@type\":\"ListItem\",\"position\":2,\"name\":\"Yi Tao Bagua\"}]},{\"@type\":\"WebSite\",\"@id\":\"https:\/\/baguascience.org\/es\/#website\",\"url\":\"https:\/\/baguascience.org\/es\/\",\"name\":\"BaguaScience.org en espa\u00f1ol\",\"description\":\"El Tao y la Ciencia. El origen y la ley fundamental del universo.\",\"potentialAction\":[{\"@type\":\"SearchAction\",\"target\":{\"@type\":\"EntryPoint\",\"urlTemplate\":\"https:\/\/baguascience.org\/es\/?s={search_term_string}\"},\"query-input\":{\"@type\":\"PropertyValueSpecification\",\"valueRequired\":true,\"valueName\":\"search_term_string\"}}],\"inLanguage\":\"es\"}]}<\/script>\n<!-- \/ Yoast SEO plugin. -->","yoast_head_json":{"title":"Yi Tao Bagua - BaguaScience.org en espa\u00f1ol","robots":{"index":"index","follow":"follow","max-snippet":"max-snippet:-1","max-image-preview":"max-image-preview:large","max-video-preview":"max-video-preview:-1"},"canonical":"https:\/\/baguascience.org\/es\/yi-tao-bagua\/","og_locale":"es_MX","og_type":"article","og_title":"Yi Tao Bagua - BaguaScience.org en espa\u00f1ol","og_description":"Introducci\u00f3n al Yi Tao Bagua El Yi Tao Bagua es una teor\u00eda perfecta que explica el origen y la naturaleza del universo y proporciona una ley l\u00f3gica universal: la ley l\u00f3gica del universo de la flecha \"\u4e00 \" (uno), y un modelo hol\u00edstico del universo que combina forma y n\u00famero.Introducci\u00f3n al Yi Tao Bagua01. \u00bfQu\u00e9 [&hellip;]","og_url":"https:\/\/baguascience.org\/es\/yi-tao-bagua\/","og_site_name":"BaguaScience.org en espa\u00f1ol","article_modified_time":"2021-10-19T01:52:27+00:00","twitter_card":"summary_large_image","twitter_misc":{"Est. reading time":"7 minutos"},"schema":{"@context":"https:\/\/schema.org","@graph":[{"@type":"WebPage","@id":"https:\/\/baguascience.org\/es\/yi-tao-bagua\/","url":"https:\/\/baguascience.org\/es\/yi-tao-bagua\/","name":"Yi Tao Bagua - BaguaScience.org en espa\u00f1ol","isPartOf":{"@id":"https:\/\/baguascience.org\/es\/#website"},"datePublished":"2021-10-18T12:21:27+00:00","dateModified":"2021-10-19T01:52:27+00:00","breadcrumb":{"@id":"https:\/\/baguascience.org\/es\/yi-tao-bagua\/#breadcrumb"},"inLanguage":"es","potentialAction":[{"@type":"ReadAction","target":["https:\/\/baguascience.org\/es\/yi-tao-bagua\/"]}]},{"@type":"BreadcrumbList","@id":"https:\/\/baguascience.org\/es\/yi-tao-bagua\/#breadcrumb","itemListElement":[{"@type":"ListItem","position":1,"name":"Home","item":"https:\/\/baguascience.org\/es\/"},{"@type":"ListItem","position":2,"name":"Yi Tao Bagua"}]},{"@type":"WebSite","@id":"https:\/\/baguascience.org\/es\/#website","url":"https:\/\/baguascience.org\/es\/","name":"BaguaScience.org en espa\u00f1ol","description":"El Tao y la Ciencia. El origen y la ley fundamental del universo.","potentialAction":[{"@type":"SearchAction","target":{"@type":"EntryPoint","urlTemplate":"https:\/\/baguascience.org\/es\/?s={search_term_string}"},"query-input":{"@type":"PropertyValueSpecification","valueRequired":true,"valueName":"search_term_string"}}],"inLanguage":"es"}]}},"jetpack_sharing_enabled":true,"_links":{"self":[{"href":"https:\/\/baguascience.org\/es\/wp-json\/wp\/v2\/pages\/93","targetHints":{"allow":["GET"]}}],"collection":[{"href":"https:\/\/baguascience.org\/es\/wp-json\/wp\/v2\/pages"}],"about":[{"href":"https:\/\/baguascience.org\/es\/wp-json\/wp\/v2\/types\/page"}],"author":[{"embeddable":true,"href":"https:\/\/baguascience.org\/es\/wp-json\/wp\/v2\/users\/1"}],"replies":[{"embeddable":true,"href":"https:\/\/baguascience.org\/es\/wp-json\/wp\/v2\/comments?post=93"}],"version-history":[{"count":9,"href":"https:\/\/baguascience.org\/es\/wp-json\/wp\/v2\/pages\/93\/revisions"}],"predecessor-version":[{"id":286,"href":"https:\/\/baguascience.org\/es\/wp-json\/wp\/v2\/pages\/93\/revisions\/286"}],"wp:attachment":[{"href":"https:\/\/baguascience.org\/es\/wp-json\/wp\/v2\/media?parent=93"}],"curies":[{"name":"wp","href":"https:\/\/api.w.org\/{rel}","templated":true}]}}